{"id":1287,"date":"2022-06-28T17:02:48","date_gmt":"2022-06-28T15:02:48","guid":{"rendered":"https:\/\/www.lacanopa.it\/test-ragno\/?page_id=1287"},"modified":"2022-12-14T02:23:56","modified_gmt":"2022-12-14T00:23:56","slug":"come-si-acquista-loro-da-investimento","status":"publish","type":"page","link":"https:\/\/kinebar.bbfinance.com\/?page_id=1287","title":{"rendered":"COME SI ACQUISTA"},"content":{"rendered":"\t\t<div data-elementor-type=\"wp-post\" data-elementor-id=\"1287\" class=\"elementor elementor-1287\">\n\t\t\t\t\t\t<section class=\"elementor-section elementor-top-section elementor-element elementor-element-4b41f0b elementor-section-full_width elementor-section-stretched elementor-section-height-default elementor-section-height-default\" data-id=\"4b41f0b\" data-element_type=\"section\" data-e-type=\"section\" data-settings=\"{&quot;stretch_section&quot;:&quot;section-stretched&quot;,&quot;background_background&quot;:&quot;classic&quot;}\">\n\t\t\t\t\t\t<div class=\"elementor-container elementor-column-gap-default\">\n\t\t\t\t\t<div class=\"elementor-column elementor-col-100 elementor-top-column elementor-element elementor-element-d5b87ca\" data-id=\"d5b87ca\" data-element_type=\"column\" data-e-type=\"column\">\n\t\t\t<div class=\"elementor-widget-wrap\">\n\t\t\t\t\t\t\t<\/div>\n\t\t<\/div>\n\t\t\t\t\t<\/div>\n\t\t<\/section>\n\t\t\t\t<section class=\"elementor-section elementor-top-section elementor-element elementor-element-c3b6a84 elementor-section-boxed elementor-section-height-default elementor-section-height-default\" data-id=\"c3b6a84\" data-element_type=\"section\" data-e-type=\"section\">\n\t\t\t\t\t\t<div class=\"elementor-container elementor-column-gap-default\">\n\t\t\t\t\t<div class=\"elementor-column elementor-col-100 elementor-top-column elementor-element elementor-element-6a2c5cf\" data-id=\"6a2c5cf\" data-element_type=\"column\" data-e-type=\"column\">\n\t\t\t<div class=\"elementor-widget-wrap elementor-element-populated\">\n\t\t\t\t\t\t<div class=\"elementor-element elementor-element-785c179 elementor-widget elementor-widget-text-editor\" data-id=\"785c179\" data-element_type=\"widget\" data-e-type=\"widget\" data-widget_type=\"text-editor.default\">\n\t\t\t\t<div class=\"elementor-widget-container\">\n\t\t\t\t\t\t\t\t\t<p>Acquisto rapido con carta di credito o bancomat maestro.<\/p>\t\t\t\t\t\t\t\t<\/div>\n\t\t\t\t<\/div>\n\t\t\t\t\t<\/div>\n\t\t<\/div>\n\t\t\t\t\t<\/div>\n\t\t<\/section>\n\t\t\t\t<section class=\"elementor-section elementor-top-section elementor-element elementor-element-25d1649 elementor-section-boxed elementor-section-height-default elementor-section-height-default\" data-id=\"25d1649\" data-element_type=\"section\" data-e-type=\"section\">\n\t\t\t\t\t\t<div class=\"elementor-container elementor-column-gap-default\">\n\t\t\t\t\t<div class=\"elementor-column elementor-col-100 elementor-top-column elementor-element elementor-element-b22e8f6\" data-id=\"b22e8f6\" data-element_type=\"column\" data-e-type=\"column\">\n\t\t\t<div class=\"elementor-widget-wrap elementor-element-populated\">\n\t\t\t\t\t\t<div class=\"elementor-element elementor-element-e24756b elementor-widget elementor-widget-text-editor\" data-id=\"e24756b\" data-element_type=\"widget\" data-e-type=\"widget\" data-widget_type=\"text-editor.default\">\n\t\t\t\t<div class=\"elementor-widget-container\">\n\t\t\t\t\t\t\t\t\tE&#8217; possibile acquistare lingotti kinebar oro 999.9 per ordini sino a 5000 euro in modo molto semplice. Per questo tipo di ordini sono disponibili due tagli di lingotti:\n\n&#8211; 5 grammi (minimo 3 lingotti e sconto su acquisti maggiori di 5 lingotti);\n&#8211; 1 oncia troy, pari a 31,10 g (minimo acquisto 2 lingotti).\n\nE&#8217; sufficiente chiedere una quotazione dei lingotti in modo rapido tramite WHATSAPP (<a style=\"color: #ffd700;\" href=\"https:\/\/api.whatsapp.com\/send?phone=390461090068\">clicca qui per connetterti<\/a>) oppure mediante e-mail. Riceverete in pochi minuti il prezzo e potrete fissarlo, utilizzando il link che vi sar\u00e0 inviato e pagando, entro 1 ora, con carta di credito o bancomat MAESTRO.\n\nPer completare l&#8217;ordine dovrete inviarci copia di un documento di identit\u00e0 e del codice fiscale (sempre mediante whatsapp o e-mail). La carta di credito deve essere intestata all&#8217;acquirente.\t\t\t\t\t\t\t\t<\/div>\n\t\t\t\t<\/div>\n\t\t\t\t<div class=\"elementor-element elementor-element-6a7804d elementor-widget elementor-widget-image\" data-id=\"6a7804d\" data-element_type=\"widget\" data-e-type=\"widget\" data-widget_type=\"image.default\">\n\t\t\t\t<div class=\"elementor-widget-container\">\n\t\t\t\t\t\t\t\t\t\t\t\t\t\t\t<img fetchpriority=\"high\" decoding=\"async\" width=\"801\" height=\"451\" src=\"https:\/\/kinebar.bbfinance.com\/wp-content\/uploads\/2022\/07\/content_gold2.jpg\" class=\"attachment-large size-large wp-image-2144\" alt=\"\" srcset=\"https:\/\/kinebar.bbfinance.com\/wp-content\/uploads\/2022\/07\/content_gold2.jpg 801w, https:\/\/kinebar.bbfinance.com\/wp-content\/uploads\/2022\/07\/content_gold2-300x169.jpg 300w, https:\/\/kinebar.bbfinance.com\/wp-content\/uploads\/2022\/07\/content_gold2-768x432.jpg 768w\" sizes=\"(max-width: 801px) 100vw, 801px\" \/>\t\t\t\t\t\t\t\t\t\t\t\t\t\t\t<\/div>\n\t\t\t\t<\/div>\n\t\t\t\t\t<\/div>\n\t\t<\/div>\n\t\t\t\t\t<\/div>\n\t\t<\/section>\n\t\t\t\t<section class=\"elementor-section elementor-top-section elementor-element elementor-element-6db6c33 elementor-section-boxed elementor-section-height-default elementor-section-height-default\" data-id=\"6db6c33\" data-element_type=\"section\" data-e-type=\"section\">\n\t\t\t\t\t\t<div class=\"elementor-container elementor-column-gap-default\">\n\t\t\t\t\t<div class=\"elementor-column elementor-col-100 elementor-top-column elementor-element elementor-element-b5323dc\" data-id=\"b5323dc\" data-element_type=\"column\" data-e-type=\"column\">\n\t\t\t<div class=\"elementor-widget-wrap elementor-element-populated\">\n\t\t\t\t\t\t<div class=\"elementor-element elementor-element-a9fb911 elementor-widget elementor-widget-text-editor\" data-id=\"a9fb911\" data-element_type=\"widget\" data-e-type=\"widget\" data-widget_type=\"text-editor.default\">\n\t\t\t\t<div class=\"elementor-widget-container\">\n\t\t\t\t\t\t\t\t\t<p style=\"color: #ffffff; text-align: justify;\">Riceverete cos\u00ec la conferma dell&#8217;eseguito dell&#8217;ordine e la modalit\u00e0 di consegna che avverr\u00e0 presso la ns. sede di Trento previo appuntamento (portando i documenti inviati in originale).<\/p>\n<p style=\"color: #ffffff; text-align: justify;\">Per coloro che avessero necessit\u00e0 di effettuare ordini di importo superiore potete visitare il sito\u00a0<a style=\"color: #ffd700;\" href=\"http:\/\/www.orolegale.it\" target=\"_blank\" rel=\"noopener\">www.orolegale.it<\/a>\u00a0e fissare un appuntamento con un ns. consulente oro che vi fornir\u00e0 tutte le informazioni necessarie e le modalit\u00e0 di acquisto.<\/p>\t\t\t\t\t\t\t\t<\/div>\n\t\t\t\t<\/div>\n\t\t\t\t\t<\/div>\n\t\t<\/div>\n\t\t\t\t\t<\/div>\n\t\t<\/section>\n\t\t\t\t<\/div>\n\t\t","protected":false},"excerpt":{"rendered":"<p>Acquisto rapido con carta di credito o bancomat maestro. E&#8217; possibile acquistare lingotti kinebar oro 999.9 per ordini sino a 5000 euro in modo molto semplice. Per questo tipo di ordini sono disponibili due tagli di lingotti: &#8211; 5 grammi (minimo 3 lingotti e sconto su acquisti maggiori di 5 lingotti); &#8211; 1 oncia troy, [&hellip;]<\/p>\n","protected":false},"author":4,"featured_media":0,"parent":0,"menu_order":0,"comment_status":"closed","ping_status":"closed","template":"","meta":{"footnotes":""},"class_list":["post-1287","page","type-page","status-publish","hentry"],"yoast_head":"<!-- This site is optimized with the Yoast SEO plugin v24.7 - https:\/\/yoast.com\/wordpress\/plugins\/seo\/ -->\n<title>Come si acquista l&#039;oro da investimento<\/title>\n<meta name=\"description\" content=\"E\u2019 sufficiente chiedere una quotazione dei lingotti mediante whatsapp al numero 0461-090068. Riceverete in pochi minuti il prezzo.\" \/>\n<meta name=\"robots\" content=\"index, follow, max-snippet:-1, max-image-preview:large, max-video-preview:-1\" \/>\n<link rel=\"canonical\" href=\"https:\/\/kinebar.bbfinance.com\/?page_id=1287\" \/>\n<meta property=\"og:locale\" content=\"en_US\" \/>\n<meta property=\"og:type\" content=\"article\" \/>\n<meta property=\"og:title\" content=\"Come si acquista l&#039;oro da investimento\" \/>\n<meta property=\"og:description\" content=\"E\u2019 sufficiente chiedere una quotazione dei lingotti mediante whatsapp al numero 0461-090068. Riceverete in pochi minuti il prezzo.\" \/>\n<meta property=\"og:url\" content=\"https:\/\/kinebar.bbfinance.com\/?page_id=1287\" \/>\n<meta property=\"og:site_name\" content=\"Kinebar\" \/>\n<meta property=\"article:modified_time\" content=\"2022-12-14T00:23:56+00:00\" \/>\n<meta property=\"og:image\" content=\"https:\/\/kinebar.bbfinance.com\/wp-content\/uploads\/2022\/07\/content_gold2.jpg\" \/>\n<meta name=\"twitter:card\" content=\"summary_large_image\" \/>\n<meta name=\"twitter:label1\" content=\"Est. reading time\" \/>\n\t<meta name=\"twitter:data1\" content=\"2 minutes\" \/>\n<script type=\"application\/ld+json\" class=\"yoast-schema-graph\">{\"@context\":\"https:\/\/schema.org\",\"@graph\":[{\"@type\":\"WebPage\",\"@id\":\"https:\/\/kinebar.bbfinance.com\/?page_id=1287\",\"url\":\"https:\/\/kinebar.bbfinance.com\/?page_id=1287\",\"name\":\"Come si acquista l'oro da investimento\",\"isPartOf\":{\"@id\":\"https:\/\/kinebar.bbfinance.com\/#website\"},\"primaryImageOfPage\":{\"@id\":\"https:\/\/kinebar.bbfinance.com\/?page_id=1287#primaryimage\"},\"image\":{\"@id\":\"https:\/\/kinebar.bbfinance.com\/?page_id=1287#primaryimage\"},\"thumbnailUrl\":\"https:\/\/kinebar.bbfinance.com\/wp-content\/uploads\/2022\/07\/content_gold2.jpg\",\"datePublished\":\"2022-06-28T15:02:48+00:00\",\"dateModified\":\"2022-12-14T00:23:56+00:00\",\"description\":\"E\u2019 sufficiente chiedere una quotazione dei lingotti mediante whatsapp al numero 0461-090068. Riceverete in pochi minuti il prezzo.\",\"breadcrumb\":{\"@id\":\"https:\/\/kinebar.bbfinance.com\/?page_id=1287#breadcrumb\"},\"inLanguage\":\"en-US\",\"potentialAction\":[{\"@type\":\"ReadAction\",\"target\":[\"https:\/\/kinebar.bbfinance.com\/?page_id=1287\"]}]},{\"@type\":\"ImageObject\",\"inLanguage\":\"en-US\",\"@id\":\"https:\/\/kinebar.bbfinance.com\/?page_id=1287#primaryimage\",\"url\":\"https:\/\/kinebar.bbfinance.com\/wp-content\/uploads\/2022\/07\/content_gold2.jpg\",\"contentUrl\":\"https:\/\/kinebar.bbfinance.com\/wp-content\/uploads\/2022\/07\/content_gold2.jpg\",\"width\":801,\"height\":451},{\"@type\":\"BreadcrumbList\",\"@id\":\"https:\/\/kinebar.bbfinance.com\/?page_id=1287#breadcrumb\",\"itemListElement\":[{\"@type\":\"ListItem\",\"position\":1,\"name\":\"Home\",\"item\":\"https:\/\/kinebar.bbfinance.com\/\"},{\"@type\":\"ListItem\",\"position\":2,\"name\":\"COME SI ACQUISTA\"}]},{\"@type\":\"WebSite\",\"@id\":\"https:\/\/kinebar.bbfinance.com\/#website\",\"url\":\"https:\/\/kinebar.bbfinance.com\/\",\"name\":\"Kinebar\",\"description\":\"Kinebar\",\"publisher\":{\"@id\":\"https:\/\/kinebar.bbfinance.com\/#organization\"},\"potentialAction\":[{\"@type\":\"SearchAction\",\"target\":{\"@type\":\"EntryPoint\",\"urlTemplate\":\"https:\/\/kinebar.bbfinance.com\/?s={search_term_string}\"},\"query-input\":{\"@type\":\"PropertyValueSpecification\",\"valueRequired\":true,\"valueName\":\"search_term_string\"}}],\"inLanguage\":\"en-US\"},{\"@type\":\"Organization\",\"@id\":\"https:\/\/kinebar.bbfinance.com\/#organization\",\"name\":\"Kinebar\",\"url\":\"https:\/\/kinebar.bbfinance.com\/\",\"logo\":{\"@type\":\"ImageObject\",\"inLanguage\":\"en-US\",\"@id\":\"https:\/\/kinebar.bbfinance.com\/#\/schema\/logo\/image\/\",\"url\":\"https:\/\/kinebar.bbfinance.com\/wp-content\/uploads\/2022\/06\/logo-bb-oro.jpg\",\"contentUrl\":\"https:\/\/kinebar.bbfinance.com\/wp-content\/uploads\/2022\/06\/logo-bb-oro.jpg\",\"width\":413,\"height\":283,\"caption\":\"Kinebar\"},\"image\":{\"@id\":\"https:\/\/kinebar.bbfinance.com\/#\/schema\/logo\/image\/\"}}]}<\/script>\n<!-- \/ Yoast SEO plugin. -->","yoast_head_json":{"title":"Come si acquista l'oro da investimento","description":"E\u2019 sufficiente chiedere una quotazione dei lingotti mediante whatsapp al numero 0461-090068. Riceverete in pochi minuti il prezzo.","robots":{"index":"index","follow":"follow","max-snippet":"max-snippet:-1","max-image-preview":"max-image-preview:large","max-video-preview":"max-video-preview:-1"},"canonical":"https:\/\/kinebar.bbfinance.com\/?page_id=1287","og_locale":"en_US","og_type":"article","og_title":"Come si acquista l'oro da investimento","og_description":"E\u2019 sufficiente chiedere una quotazione dei lingotti mediante whatsapp al numero 0461-090068. Riceverete in pochi minuti il prezzo.","og_url":"https:\/\/kinebar.bbfinance.com\/?page_id=1287","og_site_name":"Kinebar","article_modified_time":"2022-12-14T00:23:56+00:00","og_image":[{"url":"https:\/\/kinebar.bbfinance.com\/wp-content\/uploads\/2022\/07\/content_gold2.jpg","type":"","width":"","height":""}],"twitter_card":"summary_large_image","twitter_misc":{"Est. reading time":"2 minutes"},"schema":{"@context":"https:\/\/schema.org","@graph":[{"@type":"WebPage","@id":"https:\/\/kinebar.bbfinance.com\/?page_id=1287","url":"https:\/\/kinebar.bbfinance.com\/?page_id=1287","name":"Come si acquista l'oro da investimento","isPartOf":{"@id":"https:\/\/kinebar.bbfinance.com\/#website"},"primaryImageOfPage":{"@id":"https:\/\/kinebar.bbfinance.com\/?page_id=1287#primaryimage"},"image":{"@id":"https:\/\/kinebar.bbfinance.com\/?page_id=1287#primaryimage"},"thumbnailUrl":"https:\/\/kinebar.bbfinance.com\/wp-content\/uploads\/2022\/07\/content_gold2.jpg","datePublished":"2022-06-28T15:02:48+00:00","dateModified":"2022-12-14T00:23:56+00:00","description":"E\u2019 sufficiente chiedere una quotazione dei lingotti mediante whatsapp al numero 0461-090068. Riceverete in pochi minuti il prezzo.","breadcrumb":{"@id":"https:\/\/kinebar.bbfinance.com\/?page_id=1287#breadcrumb"},"inLanguage":"en-US","potentialAction":[{"@type":"ReadAction","target":["https:\/\/kinebar.bbfinance.com\/?page_id=1287"]}]},{"@type":"ImageObject","inLanguage":"en-US","@id":"https:\/\/kinebar.bbfinance.com\/?page_id=1287#primaryimage","url":"https:\/\/kinebar.bbfinance.com\/wp-content\/uploads\/2022\/07\/content_gold2.jpg","contentUrl":"https:\/\/kinebar.bbfinance.com\/wp-content\/uploads\/2022\/07\/content_gold2.jpg","width":801,"height":451},{"@type":"BreadcrumbList","@id":"https:\/\/kinebar.bbfinance.com\/?page_id=1287#breadcrumb","itemListElement":[{"@type":"ListItem","position":1,"name":"Home","item":"https:\/\/kinebar.bbfinance.com\/"},{"@type":"ListItem","position":2,"name":"COME SI ACQUISTA"}]},{"@type":"WebSite","@id":"https:\/\/kinebar.bbfinance.com\/#website","url":"https:\/\/kinebar.bbfinance.com\/","name":"Kinebar","description":"Kinebar","publisher":{"@id":"https:\/\/kinebar.bbfinance.com\/#organization"},"potentialAction":[{"@type":"SearchAction","target":{"@type":"EntryPoint","urlTemplate":"https:\/\/kinebar.bbfinance.com\/?s={search_term_string}"},"query-input":{"@type":"PropertyValueSpecification","valueRequired":true,"valueName":"search_term_string"}}],"inLanguage":"en-US"},{"@type":"Organization","@id":"https:\/\/kinebar.bbfinance.com\/#organization","name":"Kinebar","url":"https:\/\/kinebar.bbfinance.com\/","logo":{"@type":"ImageObject","inLanguage":"en-US","@id":"https:\/\/kinebar.bbfinance.com\/#\/schema\/logo\/image\/","url":"https:\/\/kinebar.bbfinance.com\/wp-content\/uploads\/2022\/06\/logo-bb-oro.jpg","contentUrl":"https:\/\/kinebar.bbfinance.com\/wp-content\/uploads\/2022\/06\/logo-bb-oro.jpg","width":413,"height":283,"caption":"Kinebar"},"image":{"@id":"https:\/\/kinebar.bbfinance.com\/#\/schema\/logo\/image\/"}}]}},"_links":{"self":[{"href":"https:\/\/kinebar.bbfinance.com\/index.php?rest_route=\/wp\/v2\/pages\/1287","targetHints":{"allow":["GET"]}}],"collection":[{"href":"https:\/\/kinebar.bbfinance.com\/index.php?rest_route=\/wp\/v2\/pages"}],"about":[{"href":"https:\/\/kinebar.bbfinance.com\/index.php?rest_route=\/wp\/v2\/types\/page"}],"author":[{"embeddable":true,"href":"https:\/\/kinebar.bbfinance.com\/index.php?rest_route=\/wp\/v2\/users\/4"}],"replies":[{"embeddable":true,"href":"https:\/\/kinebar.bbfinance.com\/index.php?rest_route=%2Fwp%2Fv2%2Fcomments&post=1287"}],"version-history":[{"count":241,"href":"https:\/\/kinebar.bbfinance.com\/index.php?rest_route=\/wp\/v2\/pages\/1287\/revisions"}],"predecessor-version":[{"id":3535,"href":"https:\/\/kinebar.bbfinance.com\/index.php?rest_route=\/wp\/v2\/pages\/1287\/revisions\/3535"}],"wp:attachment":[{"href":"https:\/\/kinebar.bbfinance.com\/index.php?rest_route=%2Fwp%2Fv2%2Fmedia&parent=1287"}],"curies":[{"name":"wp","href":"https:\/\/api.w.org\/{rel}","templated":true}]}}