{"id":1488,"date":"2022-06-29T08:56:07","date_gmt":"2022-06-29T06:56:07","guid":{"rendered":"https:\/\/www.lacanopa.it\/test-ragno\/?page_id=1488"},"modified":"2023-02-24T02:27:43","modified_gmt":"2023-02-24T00:27:43","slug":"perche-investire-in-oro","status":"publish","type":"page","link":"https:\/\/kinebar.bbfinance.com\/?page_id=1488","title":{"rendered":"PERCH\u00c9 INVESTIRE IN ORO"},"content":{"rendered":"\t\t<div data-elementor-type=\"wp-post\" data-elementor-id=\"1488\" class=\"elementor elementor-1488\">\n\t\t\t\t\t\t<section class=\"elementor-section elementor-top-section elementor-element elementor-element-2c07a0c elementor-section-full_width elementor-section-stretched elementor-section-height-default elementor-section-height-default\" data-id=\"2c07a0c\" data-element_type=\"section\" data-e-type=\"section\" data-settings=\"{&quot;stretch_section&quot;:&quot;section-stretched&quot;,&quot;background_background&quot;:&quot;classic&quot;}\">\n\t\t\t\t\t\t<div class=\"elementor-container elementor-column-gap-default\">\n\t\t\t\t\t<div class=\"elementor-column elementor-col-100 elementor-top-column elementor-element elementor-element-d621382\" data-id=\"d621382\" data-element_type=\"column\" data-e-type=\"column\">\n\t\t\t<div class=\"elementor-widget-wrap elementor-element-populated\">\n\t\t\t\t\t\t<div class=\"elementor-element elementor-element-2b2d690 elementor-widget elementor-widget-text-editor\" data-id=\"2b2d690\" data-element_type=\"widget\" data-e-type=\"widget\" data-widget_type=\"text-editor.default\">\n\t\t\t\t<div class=\"elementor-widget-container\">\n\t\t\t\t\t\t\t\t\t<p>Perch\u00e8 investire in oro fisico.<\/p>\t\t\t\t\t\t\t\t<\/div>\n\t\t\t\t<\/div>\n\t\t\t\t<div class=\"elementor-element elementor-element-1dbd212 elementor-widget elementor-widget-text-editor\" data-id=\"1dbd212\" data-element_type=\"widget\" data-e-type=\"widget\" data-widget_type=\"text-editor.default\">\n\t\t\t\t<div class=\"elementor-widget-container\">\n\t\t\t\t\t\t\t\t\t<p>I motivi per acquistare oro e accumulare risparmio in questo metallo prezioso sono molti, ma il <span style=\"text-decoration: underline;\">primo<\/span> tra tutti lo troviamo nella storia.\u00a0 Dall&#8217;antichit\u00e0 (risale alla met\u00e0 del 500 a.c. il primo sistema monetario basato su metalli) al 1971, anno in cui gli USA abolirono la convertibilit\u00e0 aurea del dollaro, <span style=\"text-decoration: underline;\">l&#8217;oro \u00e8 sempre stato alla base del sistema monetario e finanziario mondiale<\/span>. Il sempre maggiore controllo dell&#8217;economia degli Stati e l&#8217;esplosione del debito pubblico ha impedito di mantenerla e quindi il denaro circolante non ha pi\u00f9 nessuna reale garanzia di valore.<\/p>\t\t\t\t\t\t\t\t<\/div>\n\t\t\t\t<\/div>\n\t\t\t\t<div class=\"elementor-element elementor-element-65f03aa elementor-widget elementor-widget-image\" data-id=\"65f03aa\" data-element_type=\"widget\" data-e-type=\"widget\" data-widget_type=\"image.default\">\n\t\t\t\t<div class=\"elementor-widget-container\">\n\t\t\t\t\t\t\t\t\t\t\t\t\t\t\t<img fetchpriority=\"high\" decoding=\"async\" width=\"770\" height=\"410\" src=\"https:\/\/kinebar.bbfinance.com\/wp-content\/uploads\/2022\/07\/gold_eur_once_j.jpg\" class=\"attachment-large size-large wp-image-2115\" alt=\"\" srcset=\"https:\/\/kinebar.bbfinance.com\/wp-content\/uploads\/2022\/07\/gold_eur_once_j.jpg 770w, https:\/\/kinebar.bbfinance.com\/wp-content\/uploads\/2022\/07\/gold_eur_once_j-300x160.jpg 300w, https:\/\/kinebar.bbfinance.com\/wp-content\/uploads\/2022\/07\/gold_eur_once_j-768x409.jpg 768w\" sizes=\"(max-width: 770px) 100vw, 770px\" \/>\t\t\t\t\t\t\t\t\t\t\t\t\t\t\t<\/div>\n\t\t\t\t<\/div>\n\t\t\t\t\t<\/div>\n\t\t<\/div>\n\t\t\t\t\t<\/div>\n\t\t<\/section>\n\t\t\t\t<section class=\"elementor-section elementor-top-section elementor-element elementor-element-8c46055 elementor-section-boxed elementor-section-height-default elementor-section-height-default\" data-id=\"8c46055\" data-element_type=\"section\" data-e-type=\"section\">\n\t\t\t\t\t\t<div class=\"elementor-container elementor-column-gap-default\">\n\t\t\t\t\t<div class=\"elementor-column elementor-col-100 elementor-top-column elementor-element elementor-element-446ce7e\" data-id=\"446ce7e\" data-element_type=\"column\" data-e-type=\"column\">\n\t\t\t<div class=\"elementor-widget-wrap elementor-element-populated\">\n\t\t\t\t\t\t<div class=\"elementor-element elementor-element-7758ffd elementor-widget elementor-widget-text-editor\" data-id=\"7758ffd\" data-element_type=\"widget\" data-e-type=\"widget\" data-widget_type=\"text-editor.default\">\n\t\t\t\t<div class=\"elementor-widget-container\">\n\t\t\t\t\t\t\t\t\t<p style=\"color: #ffffff; text-align: justify; background-color: #020101;\">Il\u00a0<span style=\"text-decoration-line: underline;\">secondo<\/span>\u00a0motivo \u00e8 legato al primo, infatti un&#8217;errata politica monetaria da parte degli Stati pu\u00f2 portare a periodi di\u00a0<span style=\"text-decoration-line: underline;\">elevata inflazione e ad una considerevole perdita di valore delle denaro<\/span>. Ci\u00f2 accade quando si hanno consistenti emissioni di banconote da parte delle Banche Centrali e ingenti aumenti del debito pubblico degli Stati. Un&#8217;inflazione incontrollata intorno al 10 % azzererebbe in pochi anni il valore delle banconote, cosa che abbiamo pi\u00f9 volte visto accadere nei Paesi emergenti. In questi casi tutti i beni aumentano esponenzialmente i prezzi, incluso l&#8217;oro che funge quindi da ben rifugio. Funzione che diviene ancora pi\u00f9 importante nel caso di guerre o crisi sistemiche.\u00a0<\/p>\t\t\t\t\t\t\t\t<\/div>\n\t\t\t\t<\/div>\n\t\t\t\t\t<\/div>\n\t\t<\/div>\n\t\t\t\t\t<\/div>\n\t\t<\/section>\n\t\t\t\t<section class=\"elementor-section elementor-top-section elementor-element elementor-element-bd705b0 elementor-section-boxed elementor-section-height-default elementor-section-height-default\" data-id=\"bd705b0\" data-element_type=\"section\" data-e-type=\"section\">\n\t\t\t\t\t\t<div class=\"elementor-container elementor-column-gap-default\">\n\t\t\t\t\t<div class=\"elementor-column elementor-col-100 elementor-top-column elementor-element elementor-element-1680e16\" data-id=\"1680e16\" data-element_type=\"column\" data-e-type=\"column\">\n\t\t\t<div class=\"elementor-widget-wrap elementor-element-populated\">\n\t\t\t\t\t\t<div class=\"elementor-element elementor-element-d8fd7fa elementor-widget elementor-widget-text-editor\" data-id=\"d8fd7fa\" data-element_type=\"widget\" data-e-type=\"widget\" data-widget_type=\"text-editor.default\">\n\t\t\t\t<div class=\"elementor-widget-container\">\n\t\t\t\t\t\t\t\t\t<p style=\"color: rgb(255, 255, 255); text-align: justify; background-color: rgb(2, 1, 1);\">Il&nbsp;<span style=\"text-decoration-line: underline;\">terzo<\/span>&nbsp;motivo \u00e8 che il valore dell&#8217;oro \u00e8 legato al proprio costo di produzione (esplorazione, estrazione, raffinazione, trasporto, ripristino ambientale) e il livello pi\u00f9 alto di questo costo detto prezzo marginale, fa da barriera ad eventuali cali del prezzo (al di sotto si ridurrebbe la produzione in quanto non sarebbe economicamente conveniente). Questo prezzo aumenta continuamente nel tempo, con l&#8217;aumentare di questi costi. Quindi&nbsp;<span style=\"text-decoration-line: underline;\">l&#8217;oro \u00e8 l&#8217;unico investimento finanziario che ha una garanzia reale del suo valore e che aumenta costantemente nel tempo<\/span>.<\/p>\n<p style=\"color: rgb(255, 255, 255); text-align: justify; background-color: rgb(2, 1, 1);\">Il&nbsp;<span style=\"text-decoration-line: underline;\">quarto<\/span>&nbsp;motivo \u00e8 che anche in assenza di eventi negativi o catrastorfici \u00e8&nbsp;<span style=\"text-decoration-line: underline;\">buona regola diversificare i propri risparmi destinando una quota in oro<\/span>. Questo infatti \u00e8 estremamente liquido e facile da smobilizzare in qualsiasi parte del mondo. E&#8217; una vera e propria &#8220;valuta&#8221; universale. Ricordiamo poi che solo l&#8217;oro, che possiamo detenere fisicamente, mette al riparo i ns. risparmi da eventuali default di banche e altre societ\u00e0 di investimento e quindi pu\u00f2 assicurarci contro questi rischi. Cosa che non possono fare neppure gli investimenti immobiliari in quanto strettamente legali all&#8217;economia e alla finanza dello Stato in cui si trovano.<\/p>\t\t\t\t\t\t\t\t<\/div>\n\t\t\t\t<\/div>\n\t\t\t\t\t<\/div>\n\t\t<\/div>\n\t\t\t\t\t<\/div>\n\t\t<\/section>\n\t\t\t\t<\/div>\n\t\t","protected":false},"excerpt":{"rendered":"<p>Perch\u00e8 investire in oro fisico. I motivi per acquistare oro e accumulare risparmio in questo metallo prezioso sono molti, ma il primo tra tutti lo troviamo nella storia.\u00a0 Dall&#8217;antichit\u00e0 (risale alla met\u00e0 del 500 a.c. il primo sistema monetario basato su metalli) al 1971, anno in cui gli USA abolirono la convertibilit\u00e0 aurea del dollaro, [&hellip;]<\/p>\n","protected":false},"author":4,"featured_media":0,"parent":0,"menu_order":0,"comment_status":"closed","ping_status":"closed","template":"","meta":{"footnotes":""},"class_list":["post-1488","page","type-page","status-publish","hentry"],"yoast_head":"<!-- This site is optimized with the Yoast SEO plugin v24.7 - https:\/\/yoast.com\/wordpress\/plugins\/seo\/ -->\n<title>PERCH\u00c9 INVESTIRE IN ORO - Kinebar<\/title>\n<meta name=\"description\" content=\"I motivi per acquistare oro e accumulare risparmio in questo metallo prezioso sono molti, ma il primo tra tutti lo troviamo nella storia.\" \/>\n<meta name=\"robots\" content=\"index, follow, max-snippet:-1, max-image-preview:large, max-video-preview:-1\" \/>\n<link rel=\"canonical\" href=\"https:\/\/kinebar.bbfinance.com\/?page_id=1488\" \/>\n<meta property=\"og:locale\" content=\"en_US\" \/>\n<meta property=\"og:type\" content=\"article\" \/>\n<meta property=\"og:title\" content=\"PERCH\u00c9 INVESTIRE IN ORO - Kinebar\" \/>\n<meta property=\"og:description\" content=\"I motivi per acquistare oro e accumulare risparmio in questo metallo prezioso sono molti, ma il primo tra tutti lo troviamo nella storia.\" \/>\n<meta property=\"og:url\" content=\"https:\/\/kinebar.bbfinance.com\/?page_id=1488\" \/>\n<meta property=\"og:site_name\" content=\"Kinebar\" \/>\n<meta property=\"article:modified_time\" content=\"2023-02-24T00:27:43+00:00\" \/>\n<meta property=\"og:image\" content=\"https:\/\/kinebar.bbfinance.com\/wp-content\/uploads\/2022\/07\/gold_eur_once_j.jpg\" \/>\n<meta name=\"twitter:card\" content=\"summary_large_image\" \/>\n<meta name=\"twitter:label1\" content=\"Est. reading time\" \/>\n\t<meta name=\"twitter:data1\" content=\"3 minutes\" \/>\n<script type=\"application\/ld+json\" class=\"yoast-schema-graph\">{\"@context\":\"https:\/\/schema.org\",\"@graph\":[{\"@type\":\"WebPage\",\"@id\":\"https:\/\/kinebar.bbfinance.com\/?page_id=1488\",\"url\":\"https:\/\/kinebar.bbfinance.com\/?page_id=1488\",\"name\":\"PERCH\u00c9 INVESTIRE IN ORO - Kinebar\",\"isPartOf\":{\"@id\":\"https:\/\/kinebar.bbfinance.com\/#website\"},\"primaryImageOfPage\":{\"@id\":\"https:\/\/kinebar.bbfinance.com\/?page_id=1488#primaryimage\"},\"image\":{\"@id\":\"https:\/\/kinebar.bbfinance.com\/?page_id=1488#primaryimage\"},\"thumbnailUrl\":\"https:\/\/kinebar.bbfinance.com\/wp-content\/uploads\/2022\/07\/gold_eur_once_j.jpg\",\"datePublished\":\"2022-06-29T06:56:07+00:00\",\"dateModified\":\"2023-02-24T00:27:43+00:00\",\"description\":\"I motivi per acquistare oro e accumulare risparmio in questo metallo prezioso sono molti, ma il primo tra tutti lo troviamo nella storia.\",\"breadcrumb\":{\"@id\":\"https:\/\/kinebar.bbfinance.com\/?page_id=1488#breadcrumb\"},\"inLanguage\":\"en-US\",\"potentialAction\":[{\"@type\":\"ReadAction\",\"target\":[\"https:\/\/kinebar.bbfinance.com\/?page_id=1488\"]}]},{\"@type\":\"ImageObject\",\"inLanguage\":\"en-US\",\"@id\":\"https:\/\/kinebar.bbfinance.com\/?page_id=1488#primaryimage\",\"url\":\"https:\/\/kinebar.bbfinance.com\/wp-content\/uploads\/2022\/07\/gold_eur_once_j.jpg\",\"contentUrl\":\"https:\/\/kinebar.bbfinance.com\/wp-content\/uploads\/2022\/07\/gold_eur_once_j.jpg\",\"width\":770,\"height\":410},{\"@type\":\"BreadcrumbList\",\"@id\":\"https:\/\/kinebar.bbfinance.com\/?page_id=1488#breadcrumb\",\"itemListElement\":[{\"@type\":\"ListItem\",\"position\":1,\"name\":\"Home\",\"item\":\"https:\/\/kinebar.bbfinance.com\/\"},{\"@type\":\"ListItem\",\"position\":2,\"name\":\"PERCH\u00c9 INVESTIRE IN ORO\"}]},{\"@type\":\"WebSite\",\"@id\":\"https:\/\/kinebar.bbfinance.com\/#website\",\"url\":\"https:\/\/kinebar.bbfinance.com\/\",\"name\":\"Kinebar\",\"description\":\"Kinebar\",\"publisher\":{\"@id\":\"https:\/\/kinebar.bbfinance.com\/#organization\"},\"potentialAction\":[{\"@type\":\"SearchAction\",\"target\":{\"@type\":\"EntryPoint\",\"urlTemplate\":\"https:\/\/kinebar.bbfinance.com\/?s={search_term_string}\"},\"query-input\":{\"@type\":\"PropertyValueSpecification\",\"valueRequired\":true,\"valueName\":\"search_term_string\"}}],\"inLanguage\":\"en-US\"},{\"@type\":\"Organization\",\"@id\":\"https:\/\/kinebar.bbfinance.com\/#organization\",\"name\":\"Kinebar\",\"url\":\"https:\/\/kinebar.bbfinance.com\/\",\"logo\":{\"@type\":\"ImageObject\",\"inLanguage\":\"en-US\",\"@id\":\"https:\/\/kinebar.bbfinance.com\/#\/schema\/logo\/image\/\",\"url\":\"https:\/\/kinebar.bbfinance.com\/wp-content\/uploads\/2022\/06\/logo-bb-oro.jpg\",\"contentUrl\":\"https:\/\/kinebar.bbfinance.com\/wp-content\/uploads\/2022\/06\/logo-bb-oro.jpg\",\"width\":413,\"height\":283,\"caption\":\"Kinebar\"},\"image\":{\"@id\":\"https:\/\/kinebar.bbfinance.com\/#\/schema\/logo\/image\/\"}}]}<\/script>\n<!-- \/ Yoast SEO plugin. -->","yoast_head_json":{"title":"PERCH\u00c9 INVESTIRE IN ORO - Kinebar","description":"I motivi per acquistare oro e accumulare risparmio in questo metallo prezioso sono molti, ma il primo tra tutti lo troviamo nella storia.","robots":{"index":"index","follow":"follow","max-snippet":"max-snippet:-1","max-image-preview":"max-image-preview:large","max-video-preview":"max-video-preview:-1"},"canonical":"https:\/\/kinebar.bbfinance.com\/?page_id=1488","og_locale":"en_US","og_type":"article","og_title":"PERCH\u00c9 INVESTIRE IN ORO - Kinebar","og_description":"I motivi per acquistare oro e accumulare risparmio in questo metallo prezioso sono molti, ma il primo tra tutti lo troviamo nella storia.","og_url":"https:\/\/kinebar.bbfinance.com\/?page_id=1488","og_site_name":"Kinebar","article_modified_time":"2023-02-24T00:27:43+00:00","og_image":[{"url":"https:\/\/kinebar.bbfinance.com\/wp-content\/uploads\/2022\/07\/gold_eur_once_j.jpg","type":"","width":"","height":""}],"twitter_card":"summary_large_image","twitter_misc":{"Est. reading time":"3 minutes"},"schema":{"@context":"https:\/\/schema.org","@graph":[{"@type":"WebPage","@id":"https:\/\/kinebar.bbfinance.com\/?page_id=1488","url":"https:\/\/kinebar.bbfinance.com\/?page_id=1488","name":"PERCH\u00c9 INVESTIRE IN ORO - Kinebar","isPartOf":{"@id":"https:\/\/kinebar.bbfinance.com\/#website"},"primaryImageOfPage":{"@id":"https:\/\/kinebar.bbfinance.com\/?page_id=1488#primaryimage"},"image":{"@id":"https:\/\/kinebar.bbfinance.com\/?page_id=1488#primaryimage"},"thumbnailUrl":"https:\/\/kinebar.bbfinance.com\/wp-content\/uploads\/2022\/07\/gold_eur_once_j.jpg","datePublished":"2022-06-29T06:56:07+00:00","dateModified":"2023-02-24T00:27:43+00:00","description":"I motivi per acquistare oro e accumulare risparmio in questo metallo prezioso sono molti, ma il primo tra tutti lo troviamo nella storia.","breadcrumb":{"@id":"https:\/\/kinebar.bbfinance.com\/?page_id=1488#breadcrumb"},"inLanguage":"en-US","potentialAction":[{"@type":"ReadAction","target":["https:\/\/kinebar.bbfinance.com\/?page_id=1488"]}]},{"@type":"ImageObject","inLanguage":"en-US","@id":"https:\/\/kinebar.bbfinance.com\/?page_id=1488#primaryimage","url":"https:\/\/kinebar.bbfinance.com\/wp-content\/uploads\/2022\/07\/gold_eur_once_j.jpg","contentUrl":"https:\/\/kinebar.bbfinance.com\/wp-content\/uploads\/2022\/07\/gold_eur_once_j.jpg","width":770,"height":410},{"@type":"BreadcrumbList","@id":"https:\/\/kinebar.bbfinance.com\/?page_id=1488#breadcrumb","itemListElement":[{"@type":"ListItem","position":1,"name":"Home","item":"https:\/\/kinebar.bbfinance.com\/"},{"@type":"ListItem","position":2,"name":"PERCH\u00c9 INVESTIRE IN ORO"}]},{"@type":"WebSite","@id":"https:\/\/kinebar.bbfinance.com\/#website","url":"https:\/\/kinebar.bbfinance.com\/","name":"Kinebar","description":"Kinebar","publisher":{"@id":"https:\/\/kinebar.bbfinance.com\/#organization"},"potentialAction":[{"@type":"SearchAction","target":{"@type":"EntryPoint","urlTemplate":"https:\/\/kinebar.bbfinance.com\/?s={search_term_string}"},"query-input":{"@type":"PropertyValueSpecification","valueRequired":true,"valueName":"search_term_string"}}],"inLanguage":"en-US"},{"@type":"Organization","@id":"https:\/\/kinebar.bbfinance.com\/#organization","name":"Kinebar","url":"https:\/\/kinebar.bbfinance.com\/","logo":{"@type":"ImageObject","inLanguage":"en-US","@id":"https:\/\/kinebar.bbfinance.com\/#\/schema\/logo\/image\/","url":"https:\/\/kinebar.bbfinance.com\/wp-content\/uploads\/2022\/06\/logo-bb-oro.jpg","contentUrl":"https:\/\/kinebar.bbfinance.com\/wp-content\/uploads\/2022\/06\/logo-bb-oro.jpg","width":413,"height":283,"caption":"Kinebar"},"image":{"@id":"https:\/\/kinebar.bbfinance.com\/#\/schema\/logo\/image\/"}}]}},"_links":{"self":[{"href":"https:\/\/kinebar.bbfinance.com\/index.php?rest_route=\/wp\/v2\/pages\/1488","targetHints":{"allow":["GET"]}}],"collection":[{"href":"https:\/\/kinebar.bbfinance.com\/index.php?rest_route=\/wp\/v2\/pages"}],"about":[{"href":"https:\/\/kinebar.bbfinance.com\/index.php?rest_route=\/wp\/v2\/types\/page"}],"author":[{"embeddable":true,"href":"https:\/\/kinebar.bbfinance.com\/index.php?rest_route=\/wp\/v2\/users\/4"}],"replies":[{"embeddable":true,"href":"https:\/\/kinebar.bbfinance.com\/index.php?rest_route=%2Fwp%2Fv2%2Fcomments&post=1488"}],"version-history":[{"count":175,"href":"https:\/\/kinebar.bbfinance.com\/index.php?rest_route=\/wp\/v2\/pages\/1488\/revisions"}],"predecessor-version":[{"id":3607,"href":"https:\/\/kinebar.bbfinance.com\/index.php?rest_route=\/wp\/v2\/pages\/1488\/revisions\/3607"}],"wp:attachment":[{"href":"https:\/\/kinebar.bbfinance.com\/index.php?rest_route=%2Fwp%2Fv2%2Fmedia&parent=1488"}],"curies":[{"name":"wp","href":"https:\/\/api.w.org\/{rel}","templated":true}]}}