{"id":2257,"date":"2022-08-03T14:06:43","date_gmt":"2022-08-03T12:06:43","guid":{"rendered":"https:\/\/www.lacanopa.it\/test-ragno\/?page_id=2257"},"modified":"2022-09-19T18:46:49","modified_gmt":"2022-09-19T16:46:49","slug":"oro-kinebar-bullbear-investimento","status":"publish","type":"page","link":"https:\/\/kinebar.bbfinance.com\/?page_id=2257","title":{"rendered":"STORIA"},"content":{"rendered":"\t\t<div data-elementor-type=\"wp-post\" data-elementor-id=\"2257\" class=\"elementor elementor-2257\">\n\t\t\t\t\t\t<section class=\"elementor-section elementor-top-section elementor-element elementor-element-9f28dc4 elementor-section-stretched elementor-section-boxed elementor-section-height-default elementor-section-height-default\" data-id=\"9f28dc4\" data-element_type=\"section\" data-e-type=\"section\" data-settings=\"{&quot;stretch_section&quot;:&quot;section-stretched&quot;,&quot;background_background&quot;:&quot;classic&quot;}\">\n\t\t\t\t\t\t<div class=\"elementor-container elementor-column-gap-default\">\n\t\t\t\t\t<div class=\"elementor-column elementor-col-100 elementor-top-column elementor-element elementor-element-a999058\" data-id=\"a999058\" data-element_type=\"column\" data-e-type=\"column\">\n\t\t\t<div class=\"elementor-widget-wrap elementor-element-populated\">\n\t\t\t\t\t\t<div class=\"elementor-element elementor-element-2012240 elementor-widget elementor-widget-text-editor\" data-id=\"2012240\" data-element_type=\"widget\" data-e-type=\"widget\" data-widget_type=\"text-editor.default\">\n\t\t\t\t<div class=\"elementor-widget-container\">\n\t\t\t\t\t\t\t\t\t<p>La storia dell&#8217;oro.<\/p>\t\t\t\t\t\t\t\t<\/div>\n\t\t\t\t<\/div>\n\t\t\t\t<div class=\"elementor-element elementor-element-f60fd57 elementor-widget elementor-widget-text-editor\" data-id=\"f60fd57\" data-element_type=\"widget\" data-e-type=\"widget\" data-widget_type=\"text-editor.default\">\n\t\t\t\t<div class=\"elementor-widget-container\">\n\t\t\t\t\t\t\t\t\t<p><span style=\"color: #ffffff;\">Nell&#8217;antichit\u00e0 l&#8217;uomo non disponeva di una moneta di scambio e di riserva di valore quindi tutti i commerci avvenivano con il baratto. Fu necessario quindi una moneta di scambio per semplificare il commercio e questa fu individuata nei metalli preziosi, tra cui il pi\u00f9 importante fu l&#8217;oro.<\/span><\/p><p><span style=\"color: #ffffff;\">L&#8217;oro quindi divenne la moneta di scambio pi\u00f9 importante, coniata da tutti gli Stati.\u00a0<\/span><\/p><p><span style=\"color: #ffffff;\">Nacquero poi le banche e queste iniziarono a emettere dei certificati in oro, che divennero le moderne banconote, prima emesse da banche private e poi direttamente da Stati o istituzioni da questi dipendenti.<\/span><\/p><p><span style=\"color: #ffffff;\">Era quindi possibile cambiare le banconote di carta circolanti in oro presentandosi agli sportelli delle banche.<\/span><\/p>\t\t\t\t\t\t\t\t<\/div>\n\t\t\t\t<\/div>\n\t\t\t\t<div class=\"elementor-element elementor-element-4f38d17 elementor-widget elementor-widget-image\" data-id=\"4f38d17\" data-element_type=\"widget\" data-e-type=\"widget\" data-widget_type=\"image.default\">\n\t\t\t\t<div class=\"elementor-widget-container\">\n\t\t\t\t\t\t\t\t\t\t\t\t\t\t\t<img fetchpriority=\"high\" decoding=\"async\" width=\"718\" height=\"445\" src=\"https:\/\/kinebar.bbfinance.com\/wp-content\/uploads\/2022\/07\/gold_standard.jpg\" class=\"attachment-large size-large wp-image-2123\" alt=\"\" srcset=\"https:\/\/kinebar.bbfinance.com\/wp-content\/uploads\/2022\/07\/gold_standard.jpg 718w, https:\/\/kinebar.bbfinance.com\/wp-content\/uploads\/2022\/07\/gold_standard-300x186.jpg 300w\" sizes=\"(max-width: 718px) 100vw, 718px\" \/>\t\t\t\t\t\t\t\t\t\t\t\t\t\t\t<\/div>\n\t\t\t\t<\/div>\n\t\t\t\t\t<\/div>\n\t\t<\/div>\n\t\t\t\t\t<\/div>\n\t\t<\/section>\n\t\t\t\t<section class=\"elementor-section elementor-top-section elementor-element elementor-element-a2e2efd elementor-section-boxed elementor-section-height-default elementor-section-height-default\" data-id=\"a2e2efd\" data-element_type=\"section\" data-e-type=\"section\">\n\t\t\t\t\t\t<div class=\"elementor-container elementor-column-gap-default\">\n\t\t\t\t\t<div class=\"elementor-column elementor-col-100 elementor-top-column elementor-element elementor-element-0cf3f23\" data-id=\"0cf3f23\" data-element_type=\"column\" data-e-type=\"column\">\n\t\t\t<div class=\"elementor-widget-wrap elementor-element-populated\">\n\t\t\t\t\t\t<div class=\"elementor-element elementor-element-c89be1a elementor-widget elementor-widget-text-editor\" data-id=\"c89be1a\" data-element_type=\"widget\" data-e-type=\"widget\" data-widget_type=\"text-editor.default\">\n\t\t\t\t<div class=\"elementor-widget-container\">\n\t\t\t\t\t\t\t\t\t<p style=\"color: #ffffff; text-align: justify;\">Con il passare dei secoli per\u00f2 la quantit\u00e0 di oro esistente non consent\u00ec pi\u00f9 di garantire le banconote circolanti e i vari Stati limitarono gradualmente la convertibilit\u00e0, sino ad arrivare al 1971 in cui gi USA decretarono la fine della convertibilit\u00e0 aurea del dollaro (termine degli accordi di Bretton Woods).<\/p>\n<p style=\"color: #ffffff; text-align: justify;\">Il motivo della fine del cosidetto Gold Standard \u00e8 dovuto essenzialmente dall&#8217;esplosione del debito pubblico statale e dalla conseguente mancanza di oro per far fonte alla convertibilit\u00e0 dell&#8217;enorme numero di banconote messe in circolazione, che cos\u00ec non furono pi\u00f9 garantite dall&#8217;oro ma solamente dalla forza economica del singolo Stato.<\/p>\n<p style=\"color: #ffffff; text-align: justify;\">Malgrado la fine della convertibilit\u00e0 aurea quasi tutti gli Stati mantengono forti riserve di oro per stabilizzare la propria moneta e per far fronte a emergenze finanziarie. L&#8217;Italia \u00e8 il 4\u00b0 paese per riserve auree con circa 2500 tonnellate di oro.<\/p>\t\t\t\t\t\t\t\t<\/div>\n\t\t\t\t<\/div>\n\t\t\t\t\t<\/div>\n\t\t<\/div>\n\t\t\t\t\t<\/div>\n\t\t<\/section>\n\t\t\t\t<\/div>\n\t\t","protected":false},"excerpt":{"rendered":"<p>La storia dell&#8217;oro. Nell&#8217;antichit\u00e0 l&#8217;uomo non disponeva di una moneta di scambio e di riserva di valore quindi tutti i commerci avvenivano con il baratto. Fu necessario quindi una moneta di scambio per semplificare il commercio e questa fu individuata nei metalli preziosi, tra cui il pi\u00f9 importante fu l&#8217;oro. L&#8217;oro quindi divenne la moneta [&hellip;]<\/p>\n","protected":false},"author":4,"featured_media":0,"parent":0,"menu_order":0,"comment_status":"closed","ping_status":"closed","template":"","meta":{"footnotes":""},"class_list":["post-2257","page","type-page","status-publish","hentry"],"yoast_head":"<!-- This site is optimized with the Yoast SEO plugin v24.7 - https:\/\/yoast.com\/wordpress\/plugins\/seo\/ -->\n<title>La storia dell&#039;oro da investimento.<\/title>\n<meta name=\"description\" content=\"Nell\u2019antichit\u00e0 l\u2019uomo non disponeva di una moneta di scambio e di riserva di valore quindi tutti i commerci avvenivano con il baratto.\" \/>\n<meta name=\"robots\" content=\"index, follow, max-snippet:-1, max-image-preview:large, max-video-preview:-1\" \/>\n<link rel=\"canonical\" href=\"https:\/\/kinebar.bbfinance.com\/?page_id=2257\" \/>\n<meta property=\"og:locale\" content=\"en_US\" \/>\n<meta property=\"og:type\" content=\"article\" \/>\n<meta property=\"og:title\" content=\"La storia dell&#039;oro da investimento.\" \/>\n<meta property=\"og:description\" content=\"Nell\u2019antichit\u00e0 l\u2019uomo non disponeva di una moneta di scambio e di riserva di valore quindi tutti i commerci avvenivano con il baratto.\" \/>\n<meta property=\"og:url\" content=\"https:\/\/kinebar.bbfinance.com\/?page_id=2257\" \/>\n<meta property=\"og:site_name\" content=\"Kinebar\" \/>\n<meta property=\"article:modified_time\" content=\"2022-09-19T16:46:49+00:00\" \/>\n<meta property=\"og:image\" content=\"https:\/\/kinebar.bbfinance.com\/wp-content\/uploads\/2022\/07\/gold_standard.jpg\" \/>\n<meta name=\"twitter:card\" content=\"summary_large_image\" \/>\n<meta name=\"twitter:label1\" content=\"Est. reading time\" \/>\n\t<meta name=\"twitter:data1\" content=\"2 minutes\" \/>\n<script type=\"application\/ld+json\" class=\"yoast-schema-graph\">{\"@context\":\"https:\/\/schema.org\",\"@graph\":[{\"@type\":\"WebPage\",\"@id\":\"https:\/\/kinebar.bbfinance.com\/?page_id=2257\",\"url\":\"https:\/\/kinebar.bbfinance.com\/?page_id=2257\",\"name\":\"La storia dell'oro da investimento.\",\"isPartOf\":{\"@id\":\"https:\/\/kinebar.bbfinance.com\/#website\"},\"primaryImageOfPage\":{\"@id\":\"https:\/\/kinebar.bbfinance.com\/?page_id=2257#primaryimage\"},\"image\":{\"@id\":\"https:\/\/kinebar.bbfinance.com\/?page_id=2257#primaryimage\"},\"thumbnailUrl\":\"https:\/\/kinebar.bbfinance.com\/wp-content\/uploads\/2022\/07\/gold_standard.jpg\",\"datePublished\":\"2022-08-03T12:06:43+00:00\",\"dateModified\":\"2022-09-19T16:46:49+00:00\",\"description\":\"Nell\u2019antichit\u00e0 l\u2019uomo non disponeva di una moneta di scambio e di riserva di valore quindi tutti i commerci avvenivano con il baratto.\",\"breadcrumb\":{\"@id\":\"https:\/\/kinebar.bbfinance.com\/?page_id=2257#breadcrumb\"},\"inLanguage\":\"en-US\",\"potentialAction\":[{\"@type\":\"ReadAction\",\"target\":[\"https:\/\/kinebar.bbfinance.com\/?page_id=2257\"]}]},{\"@type\":\"ImageObject\",\"inLanguage\":\"en-US\",\"@id\":\"https:\/\/kinebar.bbfinance.com\/?page_id=2257#primaryimage\",\"url\":\"https:\/\/kinebar.bbfinance.com\/wp-content\/uploads\/2022\/07\/gold_standard.jpg\",\"contentUrl\":\"https:\/\/kinebar.bbfinance.com\/wp-content\/uploads\/2022\/07\/gold_standard.jpg\",\"width\":718,\"height\":445},{\"@type\":\"BreadcrumbList\",\"@id\":\"https:\/\/kinebar.bbfinance.com\/?page_id=2257#breadcrumb\",\"itemListElement\":[{\"@type\":\"ListItem\",\"position\":1,\"name\":\"Home\",\"item\":\"https:\/\/kinebar.bbfinance.com\/\"},{\"@type\":\"ListItem\",\"position\":2,\"name\":\"STORIA\"}]},{\"@type\":\"WebSite\",\"@id\":\"https:\/\/kinebar.bbfinance.com\/#website\",\"url\":\"https:\/\/kinebar.bbfinance.com\/\",\"name\":\"Kinebar\",\"description\":\"Kinebar\",\"publisher\":{\"@id\":\"https:\/\/kinebar.bbfinance.com\/#organization\"},\"potentialAction\":[{\"@type\":\"SearchAction\",\"target\":{\"@type\":\"EntryPoint\",\"urlTemplate\":\"https:\/\/kinebar.bbfinance.com\/?s={search_term_string}\"},\"query-input\":{\"@type\":\"PropertyValueSpecification\",\"valueRequired\":true,\"valueName\":\"search_term_string\"}}],\"inLanguage\":\"en-US\"},{\"@type\":\"Organization\",\"@id\":\"https:\/\/kinebar.bbfinance.com\/#organization\",\"name\":\"Kinebar\",\"url\":\"https:\/\/kinebar.bbfinance.com\/\",\"logo\":{\"@type\":\"ImageObject\",\"inLanguage\":\"en-US\",\"@id\":\"https:\/\/kinebar.bbfinance.com\/#\/schema\/logo\/image\/\",\"url\":\"https:\/\/kinebar.bbfinance.com\/wp-content\/uploads\/2022\/06\/logo-bb-oro.jpg\",\"contentUrl\":\"https:\/\/kinebar.bbfinance.com\/wp-content\/uploads\/2022\/06\/logo-bb-oro.jpg\",\"width\":413,\"height\":283,\"caption\":\"Kinebar\"},\"image\":{\"@id\":\"https:\/\/kinebar.bbfinance.com\/#\/schema\/logo\/image\/\"}}]}<\/script>\n<!-- \/ Yoast SEO plugin. -->","yoast_head_json":{"title":"La storia dell'oro da investimento.","description":"Nell\u2019antichit\u00e0 l\u2019uomo non disponeva di una moneta di scambio e di riserva di valore quindi tutti i commerci avvenivano con il baratto.","robots":{"index":"index","follow":"follow","max-snippet":"max-snippet:-1","max-image-preview":"max-image-preview:large","max-video-preview":"max-video-preview:-1"},"canonical":"https:\/\/kinebar.bbfinance.com\/?page_id=2257","og_locale":"en_US","og_type":"article","og_title":"La storia dell'oro da investimento.","og_description":"Nell\u2019antichit\u00e0 l\u2019uomo non disponeva di una moneta di scambio e di riserva di valore quindi tutti i commerci avvenivano con il baratto.","og_url":"https:\/\/kinebar.bbfinance.com\/?page_id=2257","og_site_name":"Kinebar","article_modified_time":"2022-09-19T16:46:49+00:00","og_image":[{"url":"https:\/\/kinebar.bbfinance.com\/wp-content\/uploads\/2022\/07\/gold_standard.jpg","type":"","width":"","height":""}],"twitter_card":"summary_large_image","twitter_misc":{"Est. reading time":"2 minutes"},"schema":{"@context":"https:\/\/schema.org","@graph":[{"@type":"WebPage","@id":"https:\/\/kinebar.bbfinance.com\/?page_id=2257","url":"https:\/\/kinebar.bbfinance.com\/?page_id=2257","name":"La storia dell'oro da investimento.","isPartOf":{"@id":"https:\/\/kinebar.bbfinance.com\/#website"},"primaryImageOfPage":{"@id":"https:\/\/kinebar.bbfinance.com\/?page_id=2257#primaryimage"},"image":{"@id":"https:\/\/kinebar.bbfinance.com\/?page_id=2257#primaryimage"},"thumbnailUrl":"https:\/\/kinebar.bbfinance.com\/wp-content\/uploads\/2022\/07\/gold_standard.jpg","datePublished":"2022-08-03T12:06:43+00:00","dateModified":"2022-09-19T16:46:49+00:00","description":"Nell\u2019antichit\u00e0 l\u2019uomo non disponeva di una moneta di scambio e di riserva di valore quindi tutti i commerci avvenivano con il baratto.","breadcrumb":{"@id":"https:\/\/kinebar.bbfinance.com\/?page_id=2257#breadcrumb"},"inLanguage":"en-US","potentialAction":[{"@type":"ReadAction","target":["https:\/\/kinebar.bbfinance.com\/?page_id=2257"]}]},{"@type":"ImageObject","inLanguage":"en-US","@id":"https:\/\/kinebar.bbfinance.com\/?page_id=2257#primaryimage","url":"https:\/\/kinebar.bbfinance.com\/wp-content\/uploads\/2022\/07\/gold_standard.jpg","contentUrl":"https:\/\/kinebar.bbfinance.com\/wp-content\/uploads\/2022\/07\/gold_standard.jpg","width":718,"height":445},{"@type":"BreadcrumbList","@id":"https:\/\/kinebar.bbfinance.com\/?page_id=2257#breadcrumb","itemListElement":[{"@type":"ListItem","position":1,"name":"Home","item":"https:\/\/kinebar.bbfinance.com\/"},{"@type":"ListItem","position":2,"name":"STORIA"}]},{"@type":"WebSite","@id":"https:\/\/kinebar.bbfinance.com\/#website","url":"https:\/\/kinebar.bbfinance.com\/","name":"Kinebar","description":"Kinebar","publisher":{"@id":"https:\/\/kinebar.bbfinance.com\/#organization"},"potentialAction":[{"@type":"SearchAction","target":{"@type":"EntryPoint","urlTemplate":"https:\/\/kinebar.bbfinance.com\/?s={search_term_string}"},"query-input":{"@type":"PropertyValueSpecification","valueRequired":true,"valueName":"search_term_string"}}],"inLanguage":"en-US"},{"@type":"Organization","@id":"https:\/\/kinebar.bbfinance.com\/#organization","name":"Kinebar","url":"https:\/\/kinebar.bbfinance.com\/","logo":{"@type":"ImageObject","inLanguage":"en-US","@id":"https:\/\/kinebar.bbfinance.com\/#\/schema\/logo\/image\/","url":"https:\/\/kinebar.bbfinance.com\/wp-content\/uploads\/2022\/06\/logo-bb-oro.jpg","contentUrl":"https:\/\/kinebar.bbfinance.com\/wp-content\/uploads\/2022\/06\/logo-bb-oro.jpg","width":413,"height":283,"caption":"Kinebar"},"image":{"@id":"https:\/\/kinebar.bbfinance.com\/#\/schema\/logo\/image\/"}}]}},"_links":{"self":[{"href":"https:\/\/kinebar.bbfinance.com\/index.php?rest_route=\/wp\/v2\/pages\/2257","targetHints":{"allow":["GET"]}}],"collection":[{"href":"https:\/\/kinebar.bbfinance.com\/index.php?rest_route=\/wp\/v2\/pages"}],"about":[{"href":"https:\/\/kinebar.bbfinance.com\/index.php?rest_route=\/wp\/v2\/types\/page"}],"author":[{"embeddable":true,"href":"https:\/\/kinebar.bbfinance.com\/index.php?rest_route=\/wp\/v2\/users\/4"}],"replies":[{"embeddable":true,"href":"https:\/\/kinebar.bbfinance.com\/index.php?rest_route=%2Fwp%2Fv2%2Fcomments&post=2257"}],"version-history":[{"count":38,"href":"https:\/\/kinebar.bbfinance.com\/index.php?rest_route=\/wp\/v2\/pages\/2257\/revisions"}],"predecessor-version":[{"id":3344,"href":"https:\/\/kinebar.bbfinance.com\/index.php?rest_route=\/wp\/v2\/pages\/2257\/revisions\/3344"}],"wp:attachment":[{"href":"https:\/\/kinebar.bbfinance.com\/index.php?rest_route=%2Fwp%2Fv2%2Fmedia&parent=2257"}],"curies":[{"name":"wp","href":"https:\/\/api.w.org\/{rel}","templated":true}]}}